{"id":20356,"date":"2022-09-27T14:00:45","date_gmt":"2022-09-27T14:00:45","guid":{"rendered":"https:\/\/mustafadurgun.com\/?page_id=20356"},"modified":"2022-09-27T14:14:31","modified_gmt":"2022-09-27T14:14:31","slug":"klinik","status":"publish","type":"page","link":"https:\/\/mustafadurgun.com\/fr\/klinik\/","title":{"rendered":"Clinique"},"content":{"rendered":"<div data-elementor-type=\"wp-page\" data-elementor-id=\"20356\" class=\"elementor elementor-20356\">\n\t\t\t\t\t\t<section class=\"elementor-section elementor-top-section elementor-element elementor-element-43348556 elementor-section-boxed elementor-section-height-default elementor-section-height-default sc_fly_static\" data-id=\"43348556\" data-element_type=\"section\" data-e-type=\"section\">\n\t\t\t\t\t\t<div class=\"elementor-container elementor-column-gap-extended\">\n\t\t\t\t\t<div class=\"elementor-column elementor-col-100 elementor-top-column elementor-element elementor-element-73aeffa6 sc_inner_width_none sc_content_align_inherit sc_layouts_column_icons_position_left sc_fly_static\" data-id=\"73aeffa6\" data-element_type=\"column\" data-e-type=\"column\">\n\t\t\t<div class=\"elementor-widget-wrap elementor-element-populated\">\n\t\t\t\t\t\t<div class=\"elementor-element elementor-element-2927804e sc_height_large sc_fly_static elementor-widget elementor-widget-spacer\" data-id=\"2927804e\" data-element_type=\"widget\" data-e-type=\"widget\" data-widget_type=\"spacer.default\">\n\t\t\t\t<div class=\"elementor-widget-container\">\n\t\t\t\t\t\t\t<div class=\"elementor-spacer\">\n\t\t\t<div class=\"elementor-spacer-inner\"><\/div>\n\t\t<\/div>\n\t\t\t\t\t\t<\/div>\n\t\t\t\t<\/div>\n\t\t\t\t\t<\/div>\n\t\t<\/div>\n\t\t\t\t\t<\/div>\n\t\t<\/section>\n\t\t\t\t<section class=\"elementor-section elementor-top-section elementor-element elementor-element-41387f0 elementor-section-boxed elementor-section-height-default elementor-section-height-default sc_fly_static\" data-id=\"41387f0\" data-element_type=\"section\" data-e-type=\"section\">\n\t\t\t\t\t\t<div class=\"elementor-container elementor-column-gap-extended\">\n\t\t\t\t\t<div class=\"elementor-column elementor-col-25 elementor-top-column elementor-element elementor-element-e742780 sc_inner_width_none sc_content_align_inherit sc_layouts_column_icons_position_left sc_fly_static\" data-id=\"e742780\" data-element_type=\"column\" data-e-type=\"column\">\n\t\t\t<div class=\"elementor-widget-wrap elementor-element-populated\">\n\t\t\t\t\t\t<div class=\"elementor-element elementor-element-36f8bbd elementor-position-top sc_fly_static elementor-widget elementor-widget-image-box\" data-id=\"36f8bbd\" data-element_type=\"widget\" data-e-type=\"widget\" data-widget_type=\"image-box.default\">\n\t\t\t\t<div class=\"elementor-widget-container\">\n\t\t\t\t\t<div class=\"elementor-image-box-wrapper\"><figure class=\"elementor-image-box-img\"><img fetchpriority=\"high\" decoding=\"async\" width=\"1024\" height=\"1024\" src=\"https:\/\/mustafadurgun.com\/wp-content\/uploads\/2022\/09\/DSC01708-1024x1024.jpg\" class=\"elementor-animation-grow-rotate attachment-large size-large wp-image-20358\" alt=\"\" srcset=\"https:\/\/mustafadurgun.com\/wp-content\/uploads\/2022\/09\/DSC01708-1024x1024.jpg 1024w, https:\/\/mustafadurgun.com\/wp-content\/uploads\/2022\/09\/DSC01708-300x300.jpg 300w, https:\/\/mustafadurgun.com\/wp-content\/uploads\/2022\/09\/DSC01708-150x150.jpg 150w, https:\/\/mustafadurgun.com\/wp-content\/uploads\/2022\/09\/DSC01708-768x768.jpg 768w, https:\/\/mustafadurgun.com\/wp-content\/uploads\/2022\/09\/DSC01708-12x12.jpg 12w, https:\/\/mustafadurgun.com\/wp-content\/uploads\/2022\/09\/DSC01708-370x370.jpg 370w, https:\/\/mustafadurgun.com\/wp-content\/uploads\/2022\/09\/DSC01708-120x120.jpg 120w, https:\/\/mustafadurgun.com\/wp-content\/uploads\/2022\/09\/DSC01708-840x840.jpg 840w, https:\/\/mustafadurgun.com\/wp-content\/uploads\/2022\/09\/DSC01708-410x410.jpg 410w, https:\/\/mustafadurgun.com\/wp-content\/uploads\/2022\/09\/DSC01708.jpg 1417w\" sizes=\"(max-width: 1024px) 100vw, 1024px\" \/><\/figure><div class=\"elementor-image-box-content\"><h3 class=\"elementor-image-box-title\">Prof.Dr. Mustafa Durgun<\/h3><\/div><\/div>\t\t\t\t<\/div>\n\t\t\t\t<\/div>\n\t\t\t\t\t<\/div>\n\t\t<\/div>\n\t\t\t\t<div class=\"elementor-column elementor-col-25 elementor-top-column elementor-element elementor-element-56f3ee6 sc_inner_width_none sc_content_align_inherit sc_layouts_column_icons_position_left sc_fly_static\" data-id=\"56f3ee6\" data-element_type=\"column\" data-e-type=\"column\">\n\t\t\t<div class=\"elementor-widget-wrap elementor-element-populated\">\n\t\t\t\t\t\t<div class=\"elementor-element elementor-element-de21ceb elementor-position-top sc_fly_static elementor-widget elementor-widget-image-box\" data-id=\"de21ceb\" data-element_type=\"widget\" data-e-type=\"widget\" data-widget_type=\"image-box.default\">\n\t\t\t\t<div class=\"elementor-widget-container\">\n\t\t\t\t\t<div class=\"elementor-image-box-wrapper\"><figure class=\"elementor-image-box-img\"><img decoding=\"async\" width=\"1024\" height=\"1024\" src=\"https:\/\/mustafadurgun.com\/wp-content\/uploads\/2022\/09\/DSC01787-1024x1024.jpg\" class=\"elementor-animation-grow-rotate attachment-large size-large wp-image-20361\" alt=\"\" srcset=\"https:\/\/mustafadurgun.com\/wp-content\/uploads\/2022\/09\/DSC01787-1024x1024.jpg 1024w, https:\/\/mustafadurgun.com\/wp-content\/uploads\/2022\/09\/DSC01787-300x300.jpg 300w, https:\/\/mustafadurgun.com\/wp-content\/uploads\/2022\/09\/DSC01787-150x150.jpg 150w, https:\/\/mustafadurgun.com\/wp-content\/uploads\/2022\/09\/DSC01787-768x768.jpg 768w, https:\/\/mustafadurgun.com\/wp-content\/uploads\/2022\/09\/DSC01787-12x12.jpg 12w, https:\/\/mustafadurgun.com\/wp-content\/uploads\/2022\/09\/DSC01787-370x370.jpg 370w, https:\/\/mustafadurgun.com\/wp-content\/uploads\/2022\/09\/DSC01787-120x120.jpg 120w, https:\/\/mustafadurgun.com\/wp-content\/uploads\/2022\/09\/DSC01787-840x840.jpg 840w, https:\/\/mustafadurgun.com\/wp-content\/uploads\/2022\/09\/DSC01787-410x410.jpg 410w, https:\/\/mustafadurgun.com\/wp-content\/uploads\/2022\/09\/DSC01787.jpg 1417w\" sizes=\"(max-width: 1024px) 100vw, 1024px\" \/><\/figure><div class=\"elementor-image-box-content\"><h3 class=\"elementor-image-box-title\">T\u00fclay T\u0131rpan <\/h3><p class=\"elementor-image-box-description\">Y\u00f6netici Asistan\u0131<\/p><\/div><\/div>\t\t\t\t<\/div>\n\t\t\t\t<\/div>\n\t\t\t\t\t<\/div>\n\t\t<\/div>\n\t\t\t\t<div class=\"elementor-column elementor-col-25 elementor-top-column elementor-element elementor-element-fd6f885 sc_inner_width_none sc_content_align_inherit sc_layouts_column_icons_position_left sc_fly_static\" data-id=\"fd6f885\" data-element_type=\"column\" data-e-type=\"column\">\n\t\t\t<div class=\"elementor-widget-wrap elementor-element-populated\">\n\t\t\t\t\t\t<div class=\"elementor-element elementor-element-c9ebcec elementor-position-top sc_fly_static elementor-widget elementor-widget-image-box\" data-id=\"c9ebcec\" data-element_type=\"widget\" data-e-type=\"widget\" data-widget_type=\"image-box.default\">\n\t\t\t\t<div class=\"elementor-widget-container\">\n\t\t\t\t\t<div class=\"elementor-image-box-wrapper\"><figure class=\"elementor-image-box-img\"><img decoding=\"async\" width=\"1024\" height=\"1024\" src=\"https:\/\/mustafadurgun.com\/wp-content\/uploads\/2022\/09\/DSC01727-1024x1024.jpg\" class=\"elementor-animation-grow-rotate attachment-large size-large wp-image-20359\" alt=\"\" srcset=\"https:\/\/mustafadurgun.com\/wp-content\/uploads\/2022\/09\/DSC01727-1024x1024.jpg 1024w, https:\/\/mustafadurgun.com\/wp-content\/uploads\/2022\/09\/DSC01727-300x300.jpg 300w, https:\/\/mustafadurgun.com\/wp-content\/uploads\/2022\/09\/DSC01727-150x150.jpg 150w, https:\/\/mustafadurgun.com\/wp-content\/uploads\/2022\/09\/DSC01727-768x768.jpg 768w, https:\/\/mustafadurgun.com\/wp-content\/uploads\/2022\/09\/DSC01727-12x12.jpg 12w, https:\/\/mustafadurgun.com\/wp-content\/uploads\/2022\/09\/DSC01727-370x370.jpg 370w, https:\/\/mustafadurgun.com\/wp-content\/uploads\/2022\/09\/DSC01727-120x120.jpg 120w, https:\/\/mustafadurgun.com\/wp-content\/uploads\/2022\/09\/DSC01727-840x840.jpg 840w, https:\/\/mustafadurgun.com\/wp-content\/uploads\/2022\/09\/DSC01727-410x410.jpg 410w, https:\/\/mustafadurgun.com\/wp-content\/uploads\/2022\/09\/DSC01727.jpg 1417w\" sizes=\"(max-width: 1024px) 100vw, 1024px\" \/><\/figure><div class=\"elementor-image-box-content\"><h3 class=\"elementor-image-box-title\">Tu\u011f\u00e7e Atik <\/h3><p class=\"elementor-image-box-description\">Yurtd\u0131\u015f\u0131 Hasta Dan\u0131\u015fman\u0131<\/p><\/div><\/div>\t\t\t\t<\/div>\n\t\t\t\t<\/div>\n\t\t\t\t\t<\/div>\n\t\t<\/div>\n\t\t\t\t<div class=\"elementor-column elementor-col-25 elementor-top-column elementor-element elementor-element-cef4a5f sc_inner_width_none sc_content_align_inherit sc_layouts_column_icons_position_left sc_fly_static\" data-id=\"cef4a5f\" data-element_type=\"column\" data-e-type=\"column\">\n\t\t\t<div class=\"elementor-widget-wrap elementor-element-populated\">\n\t\t\t\t\t\t<div class=\"elementor-element elementor-element-34cd833 elementor-position-top sc_fly_static elementor-widget elementor-widget-image-box\" data-id=\"34cd833\" data-element_type=\"widget\" data-e-type=\"widget\" data-widget_type=\"image-box.default\">\n\t\t\t\t<div class=\"elementor-widget-container\">\n\t\t\t\t\t<div class=\"elementor-image-box-wrapper\"><figure class=\"elementor-image-box-img\"><img loading=\"lazy\" decoding=\"async\" width=\"1024\" height=\"1024\" src=\"https:\/\/mustafadurgun.com\/wp-content\/uploads\/2022\/09\/DSC01764-1024x1024.jpg\" class=\"elementor-animation-grow-rotate attachment-large size-large wp-image-20360\" alt=\"\" srcset=\"https:\/\/mustafadurgun.com\/wp-content\/uploads\/2022\/09\/DSC01764-1024x1024.jpg 1024w, https:\/\/mustafadurgun.com\/wp-content\/uploads\/2022\/09\/DSC01764-300x300.jpg 300w, https:\/\/mustafadurgun.com\/wp-content\/uploads\/2022\/09\/DSC01764-150x150.jpg 150w, https:\/\/mustafadurgun.com\/wp-content\/uploads\/2022\/09\/DSC01764-768x768.jpg 768w, https:\/\/mustafadurgun.com\/wp-content\/uploads\/2022\/09\/DSC01764-12x12.jpg 12w, https:\/\/mustafadurgun.com\/wp-content\/uploads\/2022\/09\/DSC01764-370x370.jpg 370w, https:\/\/mustafadurgun.com\/wp-content\/uploads\/2022\/09\/DSC01764-120x120.jpg 120w, https:\/\/mustafadurgun.com\/wp-content\/uploads\/2022\/09\/DSC01764-840x840.jpg 840w, https:\/\/mustafadurgun.com\/wp-content\/uploads\/2022\/09\/DSC01764-410x410.jpg 410w, https:\/\/mustafadurgun.com\/wp-content\/uploads\/2022\/09\/DSC01764.jpg 1417w\" sizes=\"(max-width: 1024px) 100vw, 1024px\" \/><\/figure><div class=\"elementor-image-box-content\"><h3 class=\"elementor-image-box-title\">G\u00fclay HARMAN <\/h3><p class=\"elementor-image-box-description\">Cerrahi Hem\u015fire<\/p><\/div><\/div>\t\t\t\t<\/div>\n\t\t\t\t<\/div>\n\t\t\t\t\t<\/div>\n\t\t<\/div>\n\t\t\t\t\t<\/div>\n\t\t<\/section>\n\t\t\t\t<section class=\"elementor-section elementor-top-section elementor-element elementor-element-1bc25127 elementor-section-boxed elementor-section-height-default elementor-section-height-default sc_fly_static\" data-id=\"1bc25127\" data-element_type=\"section\" data-e-type=\"section\">\n\t\t\t\t\t\t<div class=\"elementor-container elementor-column-gap-extended\">\n\t\t\t\t\t<div class=\"elementor-column elementor-col-100 elementor-top-column elementor-element elementor-element-41fd74d1 sc_inner_width_none sc_content_align_inherit sc_layouts_column_icons_position_left sc_fly_static\" data-id=\"41fd74d1\" data-element_type=\"column\" data-e-type=\"column\">\n\t\t\t<div class=\"elementor-widget-wrap elementor-element-populated\">\n\t\t\t\t\t\t<div class=\"elementor-element elementor-element-42a7c90c sc_fly_static elementor-widget elementor-widget-trx_widget_slider\" data-id=\"42a7c90c\" data-element_type=\"widget\" data-e-type=\"widget\" data-widget_type=\"trx_widget_slider.default\">\n\t\t\t\t<div class=\"elementor-widget-container\">\n\t\t\t\t\t<div class=\"widget_area sc_widget_slider\"><aside class=\"widget widget_slider\">\t\t\t<div class=\"slider_wrap slider_engine_swiper\">\n\t\t\t\t<div class=\"slider_outer slider_swiper_outer slider_style_default slider_outer_direction_horizontal slider_outer_multi slider_outer_nopagination slider_outer_nocontrols slider_outer_nocentered slider_outer_overflow_visible slider_outer_notitles\"><div class=\"slider_container slider_swiper swiper-slider-container slider_nocontrols slider_nocentered slider_overflow_visible slider_notitles slider_noresize slider_swipe slider_height_auto slider_direction_horizontal slider_nopagination slider_multi slider_type_images\" data-interval=\"7000\" data-speed=\"600\" data-effect=\"slide\" data-pagination=\"bullets\" data-direction=\"horizontal\" data-slides-per-view=\"3\" data-slides-space=\"60\" data-slides-centered=\"0\" data-slides-overflow=\"1\" data-mouse-wheel=\"0\" data-autoplay=\"1\" data-loop=\"1\" data-free-mode=\"0\" data-slides-min-width=\"220\"><div class=\"slider-wrapper swiper-wrapper\"><div  class=\"slider-slide swiper-slide\" data-image=\"\/\/mustafadurgun.com\/wp-content\/uploads\/2022\/09\/image-30-copyright-kopyasi-1.jpg\" style=\"\"><img decoding=\"async\" src=\"\/\/mustafadurgun.com\/wp-content\/uploads\/2022\/09\/image-30-copyright-kopyasi-1.jpg\" alt=\"\"><\/div><div  class=\"slider-slide swiper-slide\" data-image=\"\/\/mustafadurgun.com\/wp-content\/uploads\/2022\/09\/image-31-copyright-kopyasi-1.jpg\" style=\"\"><img decoding=\"async\" src=\"\/\/mustafadurgun.com\/wp-content\/uploads\/2022\/09\/image-31-copyright-kopyasi-1.jpg\" alt=\"\"><\/div><div  class=\"slider-slide swiper-slide\" data-image=\"\/\/mustafadurgun.com\/wp-content\/uploads\/2022\/09\/image-30-copyright-kopyasi-2.jpg\" style=\"\"><img decoding=\"async\" src=\"\/\/mustafadurgun.com\/wp-content\/uploads\/2022\/09\/image-30-copyright-kopyasi-2.jpg\" alt=\"\"><\/div><div  class=\"slider-slide swiper-slide\" data-image=\"\/\/mustafadurgun.com\/wp-content\/uploads\/2022\/09\/image-31-copyright.jpg\" style=\"\"><img decoding=\"async\" src=\"\/\/mustafadurgun.com\/wp-content\/uploads\/2022\/09\/image-31-copyright.jpg\" alt=\"\"><\/div><div  class=\"slider-slide swiper-slide\" data-image=\"\/\/mustafadurgun.com\/wp-content\/uploads\/2022\/09\/image-30-copyright.jpg\" style=\"\"><img decoding=\"async\" src=\"\/\/mustafadurgun.com\/wp-content\/uploads\/2022\/09\/image-30-copyright.jpg\" alt=\"\"><\/div><div  class=\"slider-slide swiper-slide\" data-image=\"\/\/mustafadurgun.com\/wp-content\/uploads\/2022\/09\/image-31-copyright-kopyasi-2.jpg\" style=\"\"><img decoding=\"async\" src=\"\/\/mustafadurgun.com\/wp-content\/uploads\/2022\/09\/image-31-copyright-kopyasi-2.jpg\" alt=\"\"><\/div><\/div><\/div><\/div>\t\t\t<\/div>\n\t\t\t<\/aside><\/div>\t\t\t\t<\/div>\n\t\t\t\t<\/div>\n\t\t\t\t\t<\/div>\n\t\t<\/div>\n\t\t\t\t\t<\/div>\n\t\t<\/section>\n\t\t\t\t<\/div>","protected":false},"excerpt":{"rendered":"<p>Prof.Dr. Mustafa Durgun T\u00fclay T\u0131rpan Y\u00f6netici Asistan\u0131 Tu\u011f\u00e7e Atik Yurtd\u0131\u015f\u0131 Hasta Dan\u0131\u015fman\u0131 G\u00fclay HARMAN Cerrahi Hem\u015fire<\/p>","protected":false},"author":1,"featured_media":0,"parent":0,"menu_order":0,"comment_status":"closed","ping_status":"closed","template":"","meta":{"om_disable_all_campaigns":false,"_mi_skip_tracking":false,"footnotes":""},"class_list":["post-20356","page","type-page","status-publish","hentry"],"_links":{"self":[{"href":"https:\/\/mustafadurgun.com\/fr\/wp-json\/wp\/v2\/pages\/20356","targetHints":{"allow":["GET"]}}],"collection":[{"href":"https:\/\/mustafadurgun.com\/fr\/wp-json\/wp\/v2\/pages"}],"about":[{"href":"https:\/\/mustafadurgun.com\/fr\/wp-json\/wp\/v2\/types\/page"}],"author":[{"embeddable":true,"href":"https:\/\/mustafadurgun.com\/fr\/wp-json\/wp\/v2\/users\/1"}],"replies":[{"embeddable":true,"href":"https:\/\/mustafadurgun.com\/fr\/wp-json\/wp\/v2\/comments?post=20356"}],"version-history":[{"count":21,"href":"https:\/\/mustafadurgun.com\/fr\/wp-json\/wp\/v2\/pages\/20356\/revisions"}],"predecessor-version":[{"id":20382,"href":"https:\/\/mustafadurgun.com\/fr\/wp-json\/wp\/v2\/pages\/20356\/revisions\/20382"}],"wp:attachment":[{"href":"https:\/\/mustafadurgun.com\/fr\/wp-json\/wp\/v2\/media?parent=20356"}],"curies":[{"name":"wp","href":"https:\/\/api.w.org\/{rel}","templated":true}]}}